{"id":1254,"date":"2013-10-28T19:43:21","date_gmt":"2013-10-28T19:43:21","guid":{"rendered":"http:\/\/blog.wolfgang-strauss.com\/?page_id=1254"},"modified":"2015-02-09T08:03:00","modified_gmt":"2015-02-09T10:03:00","slug":"namibia","status":"publish","type":"page","link":"http:\/\/blog.wolfgang-strauss.com\/?page_id=1254","title":{"rendered":"Namibia"},"content":{"rendered":"<p>Es hat schon was, jetzt ist es 20 Uhr und wir sitzen mit kurzen \u00c4rmeln drau\u00dfen \u00fcber uns der weite Sternenhimmel. Heute haben wir Windhoek verlassen und unsere letzten zwei Tage hier in Namibia sind angebrochen.<br \/>\nDie Eindr\u00fccke sind wiederum soo vielf\u00e4ltig. Fast kann ich mich nicht mehr an den Fishriver Canyon erinnern. Welch grandiose Landschaften haben wir durchquert vom Orange River bis in den hohen Norden zum Kunene River.<br \/>\n<a href=\"http:\/\/blog.wolfgang-strauss.com\/wp-content\/uploads\/2013\/10\/P1040422.jpg\"><img decoding=\"async\" loading=\"lazy\" class=\"alignleft size-medium wp-image-1255\" title=\"P1040422\" src=\"http:\/\/blog.wolfgang-strauss.com\/wp-content\/uploads\/2013\/10\/P1040422-300x225.jpg\" alt=\"\" width=\"300\" height=\"225\" srcset=\"http:\/\/blog.wolfgang-strauss.com\/wp-content\/uploads\/2013\/10\/P1040422-300x225.jpg 300w, http:\/\/blog.wolfgang-strauss.com\/wp-content\/uploads\/2013\/10\/P1040422.jpg 800w\" sizes=\"(max-width: 300px) 100vw, 300px\" \/><\/a>Hier im Land haben wir zwei Naturv\u00f6lker erlebt, die Himbas und die Buschm\u00e4nner (die werden wir in Botswana wieder treffen). Wie so oft in anderen L\u00e4ndern erlebt, die Einwohner denken bis zu einer unsichtbaren Grenze im Land, der Rest existiert nicht. So ist es auch hier, der Nordwesten ist wie nicht existent auch f\u00fcr die Regierenden. Die Infrastruktur ist gleich null. Nur die Allradler haben hier ihren echten Spa\u00df mit ihren Fahrzeugen. Die Zivilisation h\u00e4lt langsam Einzug und man kann sich nicht vorstellen, was mit den Himbas und ihrer Kultur geschehen wird. Bei den Buschm\u00e4nnern ist es schon klar. Ihnen wurden Gebiete zum Wohnen zugesprochen, jedoch Jagen untersagt. Diese Menschen bewegten sich in gro\u00dfen Landstrichen und haben das Se\u00dfhaft-Sein nicht gelernt. Alkohol ist ein gro\u00dfes Problem und vor allen Dingen das zum Nichtstun verdammt sein. Komisch nur, dass bei offiziellen Gelegenheiten z.B. Buschm\u00e4nner als Attraktion auftreten d\u00fcrfen.<\/p>\n<p>Gestern sagte jemand, den Leuten hier m\u00fcsse man das Lachen aus dem Gesicht zwingen. Da ist was dran. Konnte sich in S\u00fcdafrika jemand halb tot lachen ob unserem Linkslenker, wird das hier ohne mit den Augen zu zwinkern zur Kenntnis genommen. Im Supermarkt an der Kasse ein kleines Sp\u00e4\u00dfchen zu machen, klappt fast nie.\u00a0 Allerdings, wenn es drum geht sich im Rhythmus zu bewegen, werden wir sofort blass vor Neid.<\/p>\n<p><a href=\"http:\/\/blog.wolfgang-strauss.com\/wp-content\/uploads\/2013\/10\/P1020687.jpg\"><img decoding=\"async\" loading=\"lazy\" class=\"alignnone size-full wp-image-1256\" title=\"P1020687\" src=\"http:\/\/blog.wolfgang-strauss.com\/wp-content\/uploads\/2013\/10\/P1020687.jpg\" alt=\"\" width=\"800\" height=\"600\" srcset=\"http:\/\/blog.wolfgang-strauss.com\/wp-content\/uploads\/2013\/10\/P1020687.jpg 800w, http:\/\/blog.wolfgang-strauss.com\/wp-content\/uploads\/2013\/10\/P1020687-300x225.jpg 300w\" sizes=\"(max-width: 800px) 100vw, 800px\" \/><\/a><\/p>\n<p>Hier hatten wir die Gelegenheiten, Gespr\u00e4che mit Farmern zu f\u00fchren. Die Arbeitsgeschwindigkeit und die (Nicht)Ausdauer, die wir schon in S\u00fcdafrika beobachten konnten, regen nat\u00fcrlich sehr zum Nachdenken an. Allerdings denke ich, auch viele der Farmer k\u00f6nnte man sich in Europa nicht vorstellen. Ein gesundes Mittelma\u00df von unserer Hektik und der Arbeitsgeschwindigkeit hier w\u00e4re wohl das Ideal. Viele Wei\u00dfe hier sind Deutschst\u00e4mmig in der 5. Generation. Die Wurzeln sind deutsch. Aber sie haben hier unten eine eigene Kultur entwickelt.<\/p>\n<p>Hier im Land konzentriert sich sehr viel auf Windhoek. Hier gibt es alles, so dass einem fast die Augen \u00fcbergehen. In anderen St\u00e4dten (Swakopmund) gibt es viel und es gibt Gegenden, da ist selbst das Lebensmittelangebot sehr minimiert. Namibia ist vollkommen von S\u00fcdafrika abh\u00e4ngig in jeder Beziehung, ob das gut ist. Das Land ist reich an Bodensch\u00e4tzen, aber die werden von L\u00e4ndern wie China, Frankreich, Australien ausgebeutet. Verr\u00fcckt nicht wahr?<\/p>\n<p><a href=\"http:\/\/blog.wolfgang-strauss.com\/wp-content\/uploads\/2013\/10\/P1020718.jpg\"><img decoding=\"async\" loading=\"lazy\" class=\"alignnone size-full wp-image-1257\" title=\"P1020718\" src=\"http:\/\/blog.wolfgang-strauss.com\/wp-content\/uploads\/2013\/10\/P1020718.jpg\" alt=\"\" width=\"800\" height=\"600\" srcset=\"http:\/\/blog.wolfgang-strauss.com\/wp-content\/uploads\/2013\/10\/P1020718.jpg 800w, http:\/\/blog.wolfgang-strauss.com\/wp-content\/uploads\/2013\/10\/P1020718-300x225.jpg 300w\" sizes=\"(max-width: 800px) 100vw, 800px\" \/><\/a><\/p>\n<p>Dies hier ist ein landschaftlich sagenhaft sch\u00f6nes Land. Diese urspr\u00fcnglichen Landschaftsformen. Nicht nur das weitl\u00e4ufige besticht. Oft hat man das Gef\u00fchl, diese Sch\u00f6nheit der Natur ist einfach \u00fcberw\u00e4ltigend. Man staunt. Man kann es fast nicht erfassen. Manches Mal denke ich, man kann f\u00fchlen, dass Afrika der Urkontinent war. Die Tiere, die es hier gibt, tun ihr \u00fcbriges. Wo anders gibt es diese Vielfalt als hier im s\u00fcdlichen Afrika.<\/p>\n<p><a href=\"http:\/\/blog.wolfgang-strauss.com\/wp-content\/uploads\/2013\/10\/P1040039.jpg\"><img decoding=\"async\" loading=\"lazy\" class=\"alignnone size-full wp-image-1258\" title=\"P1040039\" src=\"http:\/\/blog.wolfgang-strauss.com\/wp-content\/uploads\/2013\/10\/P1040039.jpg\" alt=\"\" width=\"800\" height=\"600\" srcset=\"http:\/\/blog.wolfgang-strauss.com\/wp-content\/uploads\/2013\/10\/P1040039.jpg 800w, http:\/\/blog.wolfgang-strauss.com\/wp-content\/uploads\/2013\/10\/P1040039-300x225.jpg 300w\" sizes=\"(max-width: 800px) 100vw, 800px\" \/><\/a><\/p>\n<p>Von S\u00fcdafrika sind wir begeistert. Hier von Namibia reisen wir doch sehr nachdenklich aus. Die M\u00f6glichkeiten, an das \u201enormale\u201c Leben hin zu schnuppern l\u00e4sst vieles doch in einem ganz eigenen Licht erscheinen.<\/p>\n","protected":false},"excerpt":{"rendered":"<p>Es hat schon was, jetzt ist es 20 Uhr und wir sitzen mit kurzen \u00c4rmeln drau\u00dfen \u00fcber uns der weite Sternenhimmel. Heute haben wir Windhoek verlassen und unsere letzten zwei Tage hier in Namibia sind angebrochen. Die Eindr\u00fccke sind wiederum &hellip; <a href=\"http:\/\/blog.wolfgang-strauss.com\/?page_id=1254\">Weiterlesen <span class=\"meta-nav\">&rarr;<\/span><\/a><\/p>\n","protected":false},"author":2,"featured_media":0,"parent":835,"menu_order":2,"comment_status":"closed","ping_status":"closed","template":"","meta":{"jetpack_post_was_ever_published":false},"jetpack_sharing_enabled":true,"jetpack_shortlink":"https:\/\/wp.me\/P7i980-ke","_links":{"self":[{"href":"http:\/\/blog.wolfgang-strauss.com\/index.php?rest_route=\/wp\/v2\/pages\/1254"}],"collection":[{"href":"http:\/\/blog.wolfgang-strauss.com\/index.php?rest_route=\/wp\/v2\/pages"}],"about":[{"href":"http:\/\/blog.wolfgang-strauss.com\/index.php?rest_route=\/wp\/v2\/types\/page"}],"author":[{"embeddable":true,"href":"http:\/\/blog.wolfgang-strauss.com\/index.php?rest_route=\/wp\/v2\/users\/2"}],"replies":[{"embeddable":true,"href":"http:\/\/blog.wolfgang-strauss.com\/index.php?rest_route=%2Fwp%2Fv2%2Fcomments&post=1254"}],"version-history":[{"count":0,"href":"http:\/\/blog.wolfgang-strauss.com\/index.php?rest_route=\/wp\/v2\/pages\/1254\/revisions"}],"up":[{"embeddable":true,"href":"http:\/\/blog.wolfgang-strauss.com\/index.php?rest_route=\/wp\/v2\/pages\/835"}],"wp:attachment":[{"href":"http:\/\/blog.wolfgang-strauss.com\/index.php?rest_route=%2Fwp%2Fv2%2Fmedia&parent=1254"}],"curies":[{"name":"wp","href":"https:\/\/api.w.org\/{rel}","templated":true}]}}