{"id":1749,"date":"2014-02-26T04:21:18","date_gmt":"2014-02-26T04:21:18","guid":{"rendered":"http:\/\/blog.wolfgang-strauss.com\/?page_id=1749"},"modified":"2015-02-09T08:03:00","modified_gmt":"2015-02-09T10:03:00","slug":"tansania","status":"publish","type":"page","link":"http:\/\/blog.wolfgang-strauss.com\/?page_id=1749","title":{"rendered":"Tansania"},"content":{"rendered":"<p>Mit Tansania verbindet mich haupts\u00e4chlich die Erinnerung an Wolfgangs Malaria mit allem Drumherum. An jeder Stelle, an der ich Hilfe brauchte, bekam ich sie ohne wenn und aber. Ich denke an das Aufladen der Box als Wolfgang im Krankenhaus war, bis hin zum sch\u00f6nen Zimmer um einen ordentlichen Preis in Dar es Salaam, mit dem wiederholten Angebot, wenn ich Hilfe brauchte, solle ich es nur sagen. F\u00fcr dies alles bin ich nicht nur froh, dass alles gut geklappt hat, ich bin zutiefst dankbar, dass alles so schnell gut vorbei gegangen ist. Au\u00dferdem konnte ich meine Nervenst\u00e4rke bei den Fahrten von und nach Bagamoyo ausprobieren. Dieses Vergn\u00fcgen war etwas zweifelhaft.<\/p>\n<p>Die Fahrt durch dieses Land bedeutet, viele viele Kilometer zur\u00fccklegen, um von A nach B zu kommen. Die Fahrweise der Busfahrer und der Lkw-Fahrer s\u00e4gt an den Nerven und man sp\u00fcrt die st\u00e4ndige Gefahr, von so einem Verr\u00fcckten in den Stra\u00dfengraben gezwungen zu werden.<\/p>\n<p>Hier in Tansansia gibt es viele Orte mit klingenden Namen: Bagamoyo, Dar es Salaam, Arusha, Moshi. Dahinter verbirgt sich heutzutage Chaos, Verfall und sehr stark verblasste Erinnerung an l\u00e4ngst vergangene Zeiten. Leider waren wir an dem Teil K\u00fcste des Indischen Ozeans, die sehr verschmutzt und vernachl\u00e4ssigt ist. Dazu kam die schw\u00fcle Hitze, durch die man den ganzen Tag schwei\u00df\u00fcberstr\u00f6mt war.<\/p>\n<p>Der Ausflug an den Ngorongoro Krater war phantastisch. Dies war Afrika wie im Film. Auf unserem 3st\u00fcndigen Gamedrive sahen wir nahezu alles an Gro\u00dfwild, was Afrika hergibt. Die Massai, die hier am Kraterrand und auch im Krater ihr Vieh umhertreiben, lie\u00dfen uns echt staunen. Es war fast unwirklich. An diesem Tag war es sehr bedeckt, so dass wir den Kraterrand nur erahnen konnten. Daf\u00fcr zeigte sich der Kilimandscharo am Abend klar und frei. Das war phantastisch.<\/p>\n<p>Tansanias Bev\u00f6lkerung ist sehr arm. Es gibt viel Obst und Gem\u00fcse. Reich werden jedoch nur die Kaffee-, Tabak- und Teefarmer. Wem die phantastischen Pal\u00e4ste in der Stadt geh\u00f6ren, hat sich uns leider nicht erschlossen. Auf dem Land sind die Menschen zu Fu\u00df unterwegs, was nichts anderes bedeutet, als dass sie sich kein Fahrzeug leisten k\u00f6nnen. Trotzdem allem, diese Menschen sind unglaublich freundlich und hilfsbereit. Ein kurzer Gru\u00df, ein kurzes Winken, den Daumen nach oben und was es sonst noch alles an Freundlichkeiten gibt. Davon sollten wir etwas mit nach Deutschland nehmen k\u00f6nnen.<\/p>\n","protected":false},"excerpt":{"rendered":"<p>Mit Tansania verbindet mich haupts\u00e4chlich die Erinnerung an Wolfgangs Malaria mit allem Drumherum. An jeder Stelle, an der ich Hilfe brauchte, bekam ich sie ohne wenn und aber. Ich denke an das Aufladen der Box als Wolfgang im Krankenhaus war, &hellip; <a href=\"http:\/\/blog.wolfgang-strauss.com\/?page_id=1749\">Weiterlesen <span class=\"meta-nav\">&rarr;<\/span><\/a><\/p>\n","protected":false},"author":2,"featured_media":0,"parent":835,"menu_order":8,"comment_status":"closed","ping_status":"closed","template":"","meta":{"jetpack_post_was_ever_published":false},"jetpack_sharing_enabled":true,"jetpack_shortlink":"https:\/\/wp.me\/P7i980-sd","_links":{"self":[{"href":"http:\/\/blog.wolfgang-strauss.com\/index.php?rest_route=\/wp\/v2\/pages\/1749"}],"collection":[{"href":"http:\/\/blog.wolfgang-strauss.com\/index.php?rest_route=\/wp\/v2\/pages"}],"about":[{"href":"http:\/\/blog.wolfgang-strauss.com\/index.php?rest_route=\/wp\/v2\/types\/page"}],"author":[{"embeddable":true,"href":"http:\/\/blog.wolfgang-strauss.com\/index.php?rest_route=\/wp\/v2\/users\/2"}],"replies":[{"embeddable":true,"href":"http:\/\/blog.wolfgang-strauss.com\/index.php?rest_route=%2Fwp%2Fv2%2Fcomments&post=1749"}],"version-history":[{"count":0,"href":"http:\/\/blog.wolfgang-strauss.com\/index.php?rest_route=\/wp\/v2\/pages\/1749\/revisions"}],"up":[{"embeddable":true,"href":"http:\/\/blog.wolfgang-strauss.com\/index.php?rest_route=\/wp\/v2\/pages\/835"}],"wp:attachment":[{"href":"http:\/\/blog.wolfgang-strauss.com\/index.php?rest_route=%2Fwp%2Fv2%2Fmedia&parent=1749"}],"curies":[{"name":"wp","href":"https:\/\/api.w.org\/{rel}","templated":true}]}}