{"id":1855,"date":"2014-04-12T12:49:37","date_gmt":"2014-04-12T12:49:37","guid":{"rendered":"http:\/\/blog.wolfgang-strauss.com\/?page_id=1855"},"modified":"2015-02-09T08:03:00","modified_gmt":"2015-02-09T10:03:00","slug":"sudafrika-teil-2-und-abschluss","status":"publish","type":"page","link":"http:\/\/blog.wolfgang-strauss.com\/?page_id=1855","title":{"rendered":"S\u00fcdafrika Teil 2 und Abschluss"},"content":{"rendered":"<p>Die verbliebenen Tage k\u00f6nnen wir nun an einer Hand abz\u00e4hlen. Seit \u00fcber einem Monat sind wir wieder in S\u00fcdafrika und wir haben viel Zeit, die vergangenen Monate Revue passieren zu lassen. Wie zu Beginn, ist S\u00fcdafrika auch jetzt wieder faszinierend. Es ist einfach ein tolles Land. Allerdings hat sich auch mein Blick ver\u00e4ndert. Oft muss ich denken, die Schwarzen sind hier in der absoluten Mehrheit, aber auf den Camping-pl\u00e4tzen, in den Lokalen, in den Einkaufszentren sieht man sie kaum bis gar nicht. Auf den zweiten Blick sind sie jedoch da. Allerdings hier in der K\u00fcstenregion, wie in zweiter Reihe. In anderen Regionen sieht es v\u00f6llig anders aus, dort gibt es auch den \u201eeurop\u00e4ischen \u00a0Eindruck\u201c nicht.\u00a0 S\u00fcdafrika ist ein Land mit sehr vielen Gesichtern , jedes auf seine Art etwas ganz Besonderes. Ein Land, von dem man sich nicht vorstellen kann, nicht wiederzukommen.<\/p>\n<p>&nbsp;<\/p>\n<p>Mit unserer Reise konnte ich endlich dieses tiefe Gef\u00fchl: ich m\u00f6chte mehr \u00fcber Afrika wissen, befriedigen. Dadurch, dass wir uns viel Zeit gelassen haben, konnte sich ein echter Eindruck und ein echtes Bild formen. Eines habe ich gelernt, Afrika gibt es nicht. Es gibt nur einzelne L\u00e4nder, jedes mit einem anderen Charakter. Allerdings mit vielen gemeinsamen Dingen, z.B. die Freundlichkeit der Menschen, die Armut, der Stolz, der Stolz auf ihr Land, der tiefe Glaube. Ich konnte einen Zipfel Erkenntnis f\u00fcr Schwarz-afrika erhaschen. Es war ein v\u00f6llig anderes Bild als die \u201earmen, fast verhungerten Kinder\u201c, die wir aus dem TV kennen. \u00a0Egal wo wir waren, ich hatte das Gef\u00fchl, wir reisen im Luxus. Wir konnten uns zu jeder Zeit alles kaufen, wenn es das Angebot hergab. Wir hatten bestimmt immer mehr zur Verf\u00fcgung als die anderen um uns herum. Daf\u00fcr bin ich sehr dankbar.<\/p>\n<p>Wir k\u00f6nnen wohlbehalten nach Hause reisen und dort wieder \u201eneu\u201c beginnen.<br \/>\nMit dieser F\u00fclle an Erfahrungen lassen sich bestimmt noch viele Orte entdecken und bekanntes in neuem Licht betrachten.<\/p>\n","protected":false},"excerpt":{"rendered":"<p>Die verbliebenen Tage k\u00f6nnen wir nun an einer Hand abz\u00e4hlen. Seit \u00fcber einem Monat sind wir wieder in S\u00fcdafrika und wir haben viel Zeit, die vergangenen Monate Revue passieren zu lassen. Wie zu Beginn, ist S\u00fcdafrika auch jetzt wieder faszinierend. &hellip; <a href=\"http:\/\/blog.wolfgang-strauss.com\/?page_id=1855\">Weiterlesen <span class=\"meta-nav\">&rarr;<\/span><\/a><\/p>\n","protected":false},"author":2,"featured_media":0,"parent":835,"menu_order":9,"comment_status":"closed","ping_status":"closed","template":"","meta":{"jetpack_post_was_ever_published":false},"jetpack_sharing_enabled":true,"jetpack_shortlink":"https:\/\/wp.me\/P7i980-tV","_links":{"self":[{"href":"http:\/\/blog.wolfgang-strauss.com\/index.php?rest_route=\/wp\/v2\/pages\/1855"}],"collection":[{"href":"http:\/\/blog.wolfgang-strauss.com\/index.php?rest_route=\/wp\/v2\/pages"}],"about":[{"href":"http:\/\/blog.wolfgang-strauss.com\/index.php?rest_route=\/wp\/v2\/types\/page"}],"author":[{"embeddable":true,"href":"http:\/\/blog.wolfgang-strauss.com\/index.php?rest_route=\/wp\/v2\/users\/2"}],"replies":[{"embeddable":true,"href":"http:\/\/blog.wolfgang-strauss.com\/index.php?rest_route=%2Fwp%2Fv2%2Fcomments&post=1855"}],"version-history":[{"count":0,"href":"http:\/\/blog.wolfgang-strauss.com\/index.php?rest_route=\/wp\/v2\/pages\/1855\/revisions"}],"up":[{"embeddable":true,"href":"http:\/\/blog.wolfgang-strauss.com\/index.php?rest_route=\/wp\/v2\/pages\/835"}],"wp:attachment":[{"href":"http:\/\/blog.wolfgang-strauss.com\/index.php?rest_route=%2Fwp%2Fv2%2Fmedia&parent=1855"}],"curies":[{"name":"wp","href":"https:\/\/api.w.org\/{rel}","templated":true}]}}