{"id":1860,"date":"2014-04-12T12:59:59","date_gmt":"2014-04-12T12:59:59","guid":{"rendered":"http:\/\/blog.wolfgang-strauss.com\/?page_id=1860"},"modified":"2015-02-09T08:03:58","modified_gmt":"2015-02-09T10:03:58","slug":"sudafrika-teil-2-und-abschluss","status":"publish","type":"page","link":"http:\/\/blog.wolfgang-strauss.com\/?page_id=1860","title":{"rendered":"S\u00fcdafrika Teil 2 und Abschluss"},"content":{"rendered":"<p>Hier bleibt mir nur noch den letzten Blog-Eintrag zu wiederholen.<br \/>\nWir haben in 336 Tagen 9 L\u00e4nder besucht und dabei 36845 km zur\u00fcckgelegt.<br \/>\nUnser WoMo verbraucht im Schnitt 12,55 Liter auf 100 km. Dies ist bei den wechselnden Stra\u00dfenbedingungen und dem Gewicht des Fahrzeuges nicht viel.<br \/>\nWir haben das Fahrzeug hier in Afrika gewogen und es brachte mit allem 3450 kg auf die Waage.<br \/>\nDer Preis f\u00fcr Diesel schwankte zwischen 1,24 \u20ac in Sambia und 0,84 \u20ac in Botswana. Verbraucht haben wir 4611 Liter Diesel. F\u00fcr Kochen und Heizen verbrauchten wir 24 kg Propangas. Gas hat etwa denselben Preis wie zu Hause und ist somit f\u00fcr viele hier ein Luxus. Das F\u00fcllen der Flasche war in keinem Land ein Problem.<br \/>\n<a href=\"http:\/\/blog.wolfgang-strauss.com\/wp-content\/uploads\/2014\/04\/20140226_161307.jpg\"><img decoding=\"async\" loading=\"lazy\" class=\"alignleft size-medium wp-image-1861\" title=\"20140226_161307\" src=\"http:\/\/blog.wolfgang-strauss.com\/wp-content\/uploads\/2014\/04\/20140226_161307-300x225.jpg\" alt=\"\" width=\"300\" height=\"225\" srcset=\"http:\/\/blog.wolfgang-strauss.com\/wp-content\/uploads\/2014\/04\/20140226_161307-300x225.jpg 300w, http:\/\/blog.wolfgang-strauss.com\/wp-content\/uploads\/2014\/04\/20140226_161307.jpg 800w\" sizes=\"(max-width: 300px) 100vw, 300px\" \/><\/a>Die Bereifung des WoMo hat sich bew\u00e4hrt.\u00a0 Der GFGoodrich Mud Terrain 265 SR 16 ist zwar in der Abn\u00fctzung nicht so laufstark wie der All Terrain, hat aber im Gel\u00e4nde sehr gut gegriffen. Bis auf zwei L\u00f6cher, die durch Schrauben verursacht wurden, gab es keine Pannen. Die Sch\u00e4den konnten ohne Radwechsel von uns selbst innerhalb von 15 Minuten beseitigt werden. Die Laufleistung der Bereifung d\u00fcrfte bei 40000 km liegen. Reifen in S\u00fcdafrika sind um ca. 30% teurer als zu Hause. In den anderen bereisten L\u00e4ndern sind sie schwer zu bekommen und teurer.<br \/>\nWerkst\u00e4tten die unserem Qualit\u00e4tsniveau entsprechen, findet man nur in Namibia. Eine Haftpflichtversicherung f\u00fcrs WoMo ist in S\u00fcdafrika und Namibia nicht zu bekommen, f\u00fcr die anderen L\u00e4nder gibt es keine Probleme.<br \/>\nSehr gut bew\u00e4hrt hat sich unser Segul-Wasserfilter. Er hat daf\u00fcr gesorgt, dass wir ohne Darmprobleme in dieser Zeit blieben.<\/p>\n","protected":false},"excerpt":{"rendered":"<p>Hier bleibt mir nur noch den letzten Blog-Eintrag zu wiederholen. Wir haben in 336 Tagen 9 L\u00e4nder besucht und dabei 36845 km zur\u00fcckgelegt. Unser WoMo verbraucht im Schnitt 12,55 Liter auf 100 km. Dies ist bei den wechselnden Stra\u00dfenbedingungen und &hellip; <a href=\"http:\/\/blog.wolfgang-strauss.com\/?page_id=1860\">Weiterlesen <span class=\"meta-nav\">&rarr;<\/span><\/a><\/p>\n","protected":false},"author":1,"featured_media":0,"parent":870,"menu_order":9,"comment_status":"closed","ping_status":"open","template":"","meta":{"jetpack_post_was_ever_published":false},"jetpack_sharing_enabled":true,"jetpack_shortlink":"https:\/\/wp.me\/P7i980-u0","_links":{"self":[{"href":"http:\/\/blog.wolfgang-strauss.com\/index.php?rest_route=\/wp\/v2\/pages\/1860"}],"collection":[{"href":"http:\/\/blog.wolfgang-strauss.com\/index.php?rest_route=\/wp\/v2\/pages"}],"about":[{"href":"http:\/\/blog.wolfgang-strauss.com\/index.php?rest_route=\/wp\/v2\/types\/page"}],"author":[{"embeddable":true,"href":"http:\/\/blog.wolfgang-strauss.com\/index.php?rest_route=\/wp\/v2\/users\/1"}],"replies":[{"embeddable":true,"href":"http:\/\/blog.wolfgang-strauss.com\/index.php?rest_route=%2Fwp%2Fv2%2Fcomments&post=1860"}],"version-history":[{"count":0,"href":"http:\/\/blog.wolfgang-strauss.com\/index.php?rest_route=\/wp\/v2\/pages\/1860\/revisions"}],"up":[{"embeddable":true,"href":"http:\/\/blog.wolfgang-strauss.com\/index.php?rest_route=\/wp\/v2\/pages\/870"}],"wp:attachment":[{"href":"http:\/\/blog.wolfgang-strauss.com\/index.php?rest_route=%2Fwp%2Fv2%2Fmedia&parent=1860"}],"curies":[{"name":"wp","href":"https:\/\/api.w.org\/{rel}","templated":true}]}}