{"id":2227,"date":"2015-03-22T11:41:14","date_gmt":"2015-03-22T13:41:14","guid":{"rendered":"http:\/\/blog.wolfgang-strauss.com\/?page_id=2227"},"modified":"2018-02-25T13:36:04","modified_gmt":"2018-02-25T15:36:04","slug":"fenchel-mit-pasta","status":"publish","type":"page","link":"http:\/\/blog.wolfgang-strauss.com\/?page_id=2227","title":{"rendered":"Fenchel mit Pasta"},"content":{"rendered":"<p>2 Fenchelknollen im Salzwasser kochen. Nach ca. 10 Minuten den Fenchel aus dem Wasser nehmen und zerkleinern.<\/p>\n<p>250 g Pasta in dem Wasser gar kochen.<\/p>\n<p>2 Zwiebel und 3 Feigen klein schneiden und gemeinsam mit 40 g Pinnienkernen in Oliven\u00f6l anbraten. Den Fenchel und die Pasta dazugeben  und mit Salz, Knoblauch, Kuskusgew\u00fcrz, Pfeffer und Parmesan w\u00fcrzen.<\/p>\n<p>Guten Appetit<\/p>\n","protected":false},"excerpt":{"rendered":"<p>2 Fenchelknollen im Salzwasser kochen. Nach ca. 10 Minuten den Fenchel aus dem Wasser nehmen und zerkleinern. 250 g Pasta in dem Wasser gar kochen. 2 Zwiebel und 3 Feigen klein schneiden und gemeinsam mit 40 g Pinnienkernen in Oliven\u00f6l &hellip; <a href=\"http:\/\/blog.wolfgang-strauss.com\/?page_id=2227\">Weiterlesen <span class=\"meta-nav\">&rarr;<\/span><\/a><\/p>\n","protected":false},"author":1,"featured_media":0,"parent":2224,"menu_order":0,"comment_status":"open","ping_status":"closed","template":"","meta":{"jetpack_post_was_ever_published":false},"jetpack_sharing_enabled":true,"jetpack_shortlink":"https:\/\/wp.me\/P7i980-zV","_links":{"self":[{"href":"http:\/\/blog.wolfgang-strauss.com\/index.php?rest_route=\/wp\/v2\/pages\/2227"}],"collection":[{"href":"http:\/\/blog.wolfgang-strauss.com\/index.php?rest_route=\/wp\/v2\/pages"}],"about":[{"href":"http:\/\/blog.wolfgang-strauss.com\/index.php?rest_route=\/wp\/v2\/types\/page"}],"author":[{"embeddable":true,"href":"http:\/\/blog.wolfgang-strauss.com\/index.php?rest_route=\/wp\/v2\/users\/1"}],"replies":[{"embeddable":true,"href":"http:\/\/blog.wolfgang-strauss.com\/index.php?rest_route=%2Fwp%2Fv2%2Fcomments&post=2227"}],"version-history":[{"count":0,"href":"http:\/\/blog.wolfgang-strauss.com\/index.php?rest_route=\/wp\/v2\/pages\/2227\/revisions"}],"up":[{"embeddable":true,"href":"http:\/\/blog.wolfgang-strauss.com\/index.php?rest_route=\/wp\/v2\/pages\/2224"}],"wp:attachment":[{"href":"http:\/\/blog.wolfgang-strauss.com\/index.php?rest_route=%2Fwp%2Fv2%2Fmedia&parent=2227"}],"curies":[{"name":"wp","href":"https:\/\/api.w.org\/{rel}","templated":true}]}}