{"id":868,"date":"2013-08-06T18:56:02","date_gmt":"2013-08-06T18:56:02","guid":{"rendered":"http:\/\/blog.wolfgang-strauss.com\/?page_id=868"},"modified":"2015-02-09T08:03:00","modified_gmt":"2015-02-09T10:03:00","slug":"sudafrika","status":"publish","type":"page","link":"http:\/\/blog.wolfgang-strauss.com\/?page_id=868","title":{"rendered":"S\u00fcdafrika"},"content":{"rendered":"<p>Fazit 3 Monate S\u00fcdafrika<\/p>\n<p>Nun sind nahezu drei Monate vergangen seit wir gestartet sind. Wir haben die 10000 km-Marke \u00fcberschritten und werden morgen, 05.08. nach Namibia ausreisen.<\/p>\n<p>Die Eindr\u00fccke, die wir gesammelt haben k\u00f6nnten vielf\u00e4ltiger nicht sein. Angefangen bei den Landschaftsformen:\u00a0 einladende Sandstr\u00e4nde, wilde Brandung, K\u00fcstenurwald, Hochgebirge, Mittelgebirge, Buschw\u00fcste, Sandw\u00fcste, Kulturlandschaft, Obstplantagen, Weiden, wilde Bergb\u00e4che, hei\u00dfe Quelle, Stauseen, tr\u00e4ge breite Fl\u00fcsse, v\u00f6llig naturbelassene Landschaft.<\/p>\n<p>Die Sandstr\u00e4nde, soweit das Auge reicht. Zuckerrohrplantagen \u00fcber 300 km entlang der Stra\u00dfe. Der Stausee, gr\u00f6\u00dfer als der Bodensee usw., usw.. Hier ist viel superlativ.<\/p>\n<p>Es geht weiter mit den wilden gro\u00dfen Tieren bis hin zur kleinsten Eidechse.<\/p>\n<p>Von der verschlafenen Kleinstadt, \u00fcber Krals bis hin zur Gro\u00dfstadt.<\/p>\n<p>Ja, dieses Land ist riesig und ein Werbeslogan hei\u00dft: die ganze Welt in einem Land. Man k\u00f6nnte dem fast zustimmen.<\/p>\n<p>So riesig die oben genannte Bandbreite, so unterschiedlich sind selbstverst\u00e4ndlich auch die Menschen in einem solchen Land. Auch die Kulturen, die hier gelebt werden, k\u00f6nnten unterschiedlicher nicht sein. Angefangen bei der Blechh\u00fctte bis hin zum Luxusapartement mit eigenem Liegeplatz im Privathafen f\u00fcr die Luxusyacht. Hier in diesem Land ist alles zu sehen. Man k\u00f6nnte auch sagen, das S\u00fcdafrika gibt es nicht. Es gibt vieles nebeneinander, nicht so vieles miteinander. Wir als \u201eInternationals\u201c haben viele, viele gute Erfahrungen mit den Menschen hier gemacht und festgestellt, je n\u00e4her wir dem Lebensstandard zuhause kamen, umso weniger offen waren die Menschen. Freundlich ist \u201eder S\u00fcdafrikaner\u201c, aber oft distanziert. Allerdings hat uns unser Fahrzeug und unsere Herkunft immer wieder eine T\u00fcre ge\u00f6ffnet.<\/p>\n<p>Robben Island, wo Nelson Mandela und viele andere inhaftiert waren hat uns sehr beeindruckt und der Wunsch, der lange Weg in die Freiheit m\u00f6ge nicht umsonst gewesen sein, war \u00fcberm\u00e4chtig. Egal, ob wir mit wei\u00dfen oder schwarzen Menschen gesprochen haben, viele sagten, sie beten f\u00fcr ihr Land. Haben sie auch alle denselben Wunsch? Ich bin mir da nicht so sicher. Wir haben nicht wirklich viele Beispiele f\u00fcr ein gutes Miteinander beobachtet. Allerdings sind wir nur Beobachter von ganz weit au\u00dfen und ich kann nur unsere Eindr\u00fccke schildern.<\/p>\n<p>Ich bin nach wie vor einfach nur begeistert von diesem einmaligen Land.<\/p>\n<p>Auch hier im S\u00fcden Afrikas wie im Norden, den wir ja auch etwas kennen, dieser Himmel \u2013 dieses Licht! Es ist einfach einmalig und faszinierend. Zu den Landschaftsformen kommen nat\u00fcrlich auch die Ger\u00e4usche die wir erlebt haben. Von der Brandung, die kein Wort zul\u00e4sst bis zur Stille, die die Ohren klingeln l\u00e4sst.<\/p>\n<p>Manchmal wunderten wir uns, warum wir abends m\u00fcde waren. Ganz einfach: wir hatten den ganzen Tag \u00fcber \u201eFilm\u201c geschaut. Bei den Fahrten um Wild zu suchen, scannt das Auge ununterbrochen die Landschaft und das Gehirn verarbeitet ununterbrochen die Eindr\u00fccke.<\/p>\n<p>Hier im Land herrscht Linksverkehr. D.h., der Beifahrer ist beim \u00dcberholen gefragt, weil der Fahrer nichts sieht. Beim \u00fcberholt werden rauscht jedes Mal beim Beifahrer ein Auto vorbei.<\/p>\n<p>Wolfgang ist bis auf wenige Kilometer alles gefahren. Er hat inzwischen Fahrerfahrung, dass es auf keine Kuhhaut passt und ich bin einfach nur dankbar daf\u00fcr, dass er so ein Ass ist. So eine Reise kann ich mir mit niemand anderem vorstellen. Auch das Leben auf so engem Raum, das will praktiziert sein. Ab Anfang unserer Reise die ersten 8 Wochen wurde es schon um 18 Uhr stockdunkel und ziemlich kalt. Das hie\u00df, das Leben spielte sich in der Stube ab. Ein paar Mal war die Decke knapp \u00fcber den Haarspitzen. Das \u201eHaus\u201c an sich hat sich sehr gut bew\u00e4hrt und wir waren oftmals sehr dankbar, kein Zelt zu haben sondern ein festes Dach \u00fcber dem Kopf.<\/p>\n<p>Nun sehen wir neuen Erfahrungen im n\u00e4chsten Land entgegen. S\u00fcdafrika hat es uns einfach gemacht, diese drei Monate hier zu reisen.<\/p>\n","protected":false},"excerpt":{"rendered":"<p>Fazit 3 Monate S\u00fcdafrika Nun sind nahezu drei Monate vergangen seit wir gestartet sind. Wir haben die 10000 km-Marke \u00fcberschritten und werden morgen, 05.08. nach Namibia ausreisen. Die Eindr\u00fccke, die wir gesammelt haben k\u00f6nnten vielf\u00e4ltiger nicht sein. Angefangen bei den &hellip; <a href=\"http:\/\/blog.wolfgang-strauss.com\/?page_id=868\">Weiterlesen <span class=\"meta-nav\">&rarr;<\/span><\/a><\/p>\n","protected":false},"author":2,"featured_media":0,"parent":835,"menu_order":0,"comment_status":"closed","ping_status":"closed","template":"","meta":{"jetpack_post_was_ever_published":false},"jetpack_sharing_enabled":true,"jetpack_shortlink":"https:\/\/wp.me\/P7i980-e0","_links":{"self":[{"href":"http:\/\/blog.wolfgang-strauss.com\/index.php?rest_route=\/wp\/v2\/pages\/868"}],"collection":[{"href":"http:\/\/blog.wolfgang-strauss.com\/index.php?rest_route=\/wp\/v2\/pages"}],"about":[{"href":"http:\/\/blog.wolfgang-strauss.com\/index.php?rest_route=\/wp\/v2\/types\/page"}],"author":[{"embeddable":true,"href":"http:\/\/blog.wolfgang-strauss.com\/index.php?rest_route=\/wp\/v2\/users\/2"}],"replies":[{"embeddable":true,"href":"http:\/\/blog.wolfgang-strauss.com\/index.php?rest_route=%2Fwp%2Fv2%2Fcomments&post=868"}],"version-history":[{"count":0,"href":"http:\/\/blog.wolfgang-strauss.com\/index.php?rest_route=\/wp\/v2\/pages\/868\/revisions"}],"up":[{"embeddable":true,"href":"http:\/\/blog.wolfgang-strauss.com\/index.php?rest_route=\/wp\/v2\/pages\/835"}],"wp:attachment":[{"href":"http:\/\/blog.wolfgang-strauss.com\/index.php?rest_route=%2Fwp%2Fv2%2Fmedia&parent=868"}],"curies":[{"name":"wp","href":"https:\/\/api.w.org\/{rel}","templated":true}]}}